{"id":3517,"date":"2017-11-16T16:00:24","date_gmt":"2017-11-16T15:00:24","guid":{"rendered":"https:\/\/sharefood.be\/share-food-nous-aider\/"},"modified":"2022-05-06T10:25:15","modified_gmt":"2022-05-06T08:25:15","slug":"help-us","status":"publish","type":"page","link":"https:\/\/sharefood.be\/en\/help-us\/","title":{"rendered":"Help us"},"content":{"rendered":"<p>[vc_row][vc_column][vc_column_text]<\/p>\n<h3><strong>Join our team of great volunteers!<\/strong><\/h3>\n<p>[\/vc_column_text][vc_column_text]<span style=\"font-weight: 400;\">Why not become a volunteer?\u00a0<\/span><\/p>\n<p><span style=\"font-weight: 400;\">A little, a lot, passionately&#8230; Your time will make a difference! Here, everyone invests according to the time they can give. And you will live an <strong>intensely human experience<\/strong>..<\/span>[\/vc_column_text][vc_row_inner gap=&#8221;30&#8243;][vc_column_inner width=&#8221;1\/2&#8243;]<div role=\"form\" class=\"wpcf7\" id=\"wpcf7-f3597-o1\" lang=\"fr-FR\" dir=\"ltr\">\n<div class=\"screen-reader-response\"><p role=\"status\" aria-live=\"polite\" aria-atomic=\"true\"><\/p> <ul><\/ul><\/div>\n<form action=\"\/en\/wp-json\/wp\/v2\/pages\/3517#wpcf7-f3597-o1\" method=\"post\" class=\"wpcf7-form init\" novalidate=\"novalidate\" data-status=\"init\">\n<div style=\"display: none;\">\n<input type=\"hidden\" name=\"_wpcf7\" value=\"3597\" \/>\n<input type=\"hidden\" name=\"_wpcf7_version\" value=\"5.6.4\" \/>\n<input type=\"hidden\" name=\"_wpcf7_locale\" value=\"fr_FR\" \/>\n<input type=\"hidden\" name=\"_wpcf7_unit_tag\" value=\"wpcf7-f3597-o1\" \/>\n<input type=\"hidden\" name=\"_wpcf7_container_post\" value=\"0\" \/>\n<input type=\"hidden\" name=\"_wpcf7_posted_data_hash\" value=\"\" \/>\n<input type=\"hidden\" name=\"_wpcf7_recaptcha_response\" value=\"\" \/>\n<\/div>\n<p><label> Name (mandatory)<br \/>\n    <span class=\"wpcf7-form-control-wrap\" data-name=\"your-name\"><input type=\"text\" name=\"your-name\" value=\"\" size=\"40\" class=\"wpcf7-form-control wpcf7-text wpcf7-validates-as-required\" aria-required=\"true\" aria-invalid=\"false\" \/><\/span> <\/label><\/p>\n<p><label> Mobile (mandatory)<br \/>\n<span class=\"wpcf7-form-control-wrap\" data-name=\"tel-99\"><input type=\"tel\" name=\"tel-99\" value=\"\" size=\"40\" class=\"wpcf7-form-control wpcf7-text wpcf7-tel wpcf7-validates-as-required wpcf7-validates-as-tel\" aria-required=\"true\" aria-invalid=\"false\" \/><\/span> <\/label><\/p>\n<p><label> Email (mandatory)<br \/>\n    <span class=\"wpcf7-form-control-wrap\" data-name=\"your-email\"><input type=\"email\" name=\"your-email\" value=\"\" size=\"40\" class=\"wpcf7-form-control wpcf7-text wpcf7-email wpcf7-validates-as-required wpcf7-validates-as-email\" aria-required=\"true\" aria-invalid=\"false\" \/><\/span> <\/label><\/p>\n<p><label> Address (mandatory)<br \/>\n<span class=\"wpcf7-form-control-wrap\" data-name=\"address\"><input type=\"text\" name=\"address\" value=\"\" size=\"40\" class=\"wpcf7-form-control wpcf7-text wpcf7-validates-as-required\" aria-required=\"true\" aria-invalid=\"false\" \/><\/span> <\/label><\/p>\n<p><label> Do you have a driving license ?<br \/>\n<span class=\"wpcf7-form-control-wrap\" data-name=\"permis\"><span class=\"wpcf7-form-control wpcf7-radio\"><span class=\"wpcf7-list-item first\"><span class=\"wpcf7-list-item-label\">Yes<\/span><input type=\"radio\" name=\"permis\" value=\"Yes\" checked=\"checked\" \/><\/span><span class=\"wpcf7-list-item last\"><span class=\"wpcf7-list-item-label\">No<\/span><input type=\"radio\" name=\"permis\" value=\"No\" \/><\/span><\/span><\/span> <\/label><\/p>\n<p><label> Do you have a car ?<br \/>\n<span class=\"wpcf7-form-control-wrap\" data-name=\"voiture\"><span class=\"wpcf7-form-control wpcf7-radio\"><span class=\"wpcf7-list-item first\"><span class=\"wpcf7-list-item-label\">Yes<\/span><input type=\"radio\" name=\"voiture\" value=\"Yes\" checked=\"checked\" \/><\/span><span class=\"wpcf7-list-item last\"><span class=\"wpcf7-list-item-label\">No<\/span><input type=\"radio\" name=\"voiture\" value=\"No\" \/><\/span><\/span><\/span> <\/label><\/p>\n<p><label> When are you available ?<br \/>\n<span class=\"wpcf7-form-control-wrap\" data-name=\"dispo\"><span class=\"wpcf7-form-control wpcf7-checkbox wpcf7-validates-as-required\"><span class=\"wpcf7-list-item first\"><span class=\"wpcf7-list-item-label\">Monday<\/span><input type=\"checkbox\" name=\"dispo[]\" value=\"Monday\" \/><\/span><span class=\"wpcf7-list-item\"><span class=\"wpcf7-list-item-label\">Tuesday<\/span><input type=\"checkbox\" name=\"dispo[]\" value=\"Tuesday\" \/><\/span><span class=\"wpcf7-list-item\"><span class=\"wpcf7-list-item-label\">Wednesday<\/span><input type=\"checkbox\" name=\"dispo[]\" value=\"Wednesday\" \/><\/span><span class=\"wpcf7-list-item\"><span class=\"wpcf7-list-item-label\">Thursday<\/span><input type=\"checkbox\" name=\"dispo[]\" value=\"Thursday\" \/><\/span><span class=\"wpcf7-list-item\"><span class=\"wpcf7-list-item-label\">Friday<\/span><input type=\"checkbox\" name=\"dispo[]\" value=\"Friday\" \/><\/span><span class=\"wpcf7-list-item\"><span class=\"wpcf7-list-item-label\">Saturday<\/span><input type=\"checkbox\" name=\"dispo[]\" value=\"Saturday\" \/><\/span><span class=\"wpcf7-list-item last\"><span class=\"wpcf7-list-item-label\">Sunday<\/span><input type=\"checkbox\" name=\"dispo[]\" value=\"Sunday\" \/><\/span><\/span><\/span><br \/>\n<\/label><\/p>\n<p><label> Your message<br \/>\n    <span class=\"wpcf7-form-control-wrap\" data-name=\"your-message\"><textarea name=\"your-message\" cols=\"40\" rows=\"10\" class=\"wpcf7-form-control wpcf7-textarea\" aria-invalid=\"false\"><\/textarea><\/span> <\/label><\/p>\n<p><input type=\"submit\" value=\"Send\" class=\"wpcf7-form-control has-spinner wpcf7-submit\" \/><\/p>\n<p style=\"display: none !important;\"><label>&#916;<textarea name=\"_wpcf7_ak_hp_textarea\" cols=\"45\" rows=\"8\" maxlength=\"100\"><\/textarea><\/label><input type=\"hidden\" id=\"ak_js_1\" name=\"_wpcf7_ak_js\" value=\"217\"\/><script>document.getElementById( \"ak_js_1\" ).setAttribute( \"value\", ( new Date() ).getTime() );<\/script><\/p><div class=\"wpcf7-response-output\" aria-hidden=\"true\"><\/div><\/form><\/div>[\/vc_column_inner][vc_column_inner width=&#8221;1\/2&#8243;][vc_single_image image=&#8221;3484&#8243; img_size=&#8221;full&#8221;][\/vc_column_inner][\/vc_row_inner][\/vc_column][\/vc_row][vc_row full_width=&#8221;stretch_row&#8221; css=&#8221;.vc_custom_1648645154636{background-color: #f7f7f7 !important;}&#8221; el_id=&#8221;don&#8221;][vc_column width=&#8221;1\/2&#8243; css=&#8221;.vc_custom_1512666282209{padding-right: 20px !important;padding-left: 20px !important;}&#8221;][vc_column_text]<\/p>\n<h3><strong>Support us, make a donation!<\/strong><\/h3>\n<p><span style=\"font-weight: 400;\">Help us to improve our action against food waste. Your donation will be used to buy equipment such as fridges, pay our rental charges or buy a refrigerated van (our dream). Every donation counts: 1+1+1+1&#8230;<\/span>[\/vc_column_text][vc_column_text]\t<div id=\"give-form-111-wrap\" class=\"give-form-wrap give-display-button give-display-button-only\">\n\t\t<div id=\"give-form-content-111\" class=\"give-form-content-wrap give_pre_form-content\"><p style=\"text-align: left\">Chaque don compte :<strong>\u00a03, 9, ou 19 \u20ac<br \/>\n<\/strong>Avec ce dont vous nous aiderez \u00e0 am\u00e9liorer nos services. Vous nous aiderez en autre \u00e0 acheter du mat\u00e9riel, optimaliser les transports de nourriture ainsi qu\u2019\u00e0 l\u2019\u00e9laboration de notre nouvelle application.<\/p>\n<\/div>\t\t\t<form id=\"give-form-111-1\" class=\"give-form give-form-111 give-form-type-multi\" action=\"https:\/\/sharefood.be\/en\/wp-json\/wp\/v2\/pages\/3517\/?payment-mode=offline&form-id=111\" data-id=\"111-1\" data-currency_symbol=\"&euro;\" data-currency_code=\"EUR\" data-currency_position=\"after\" data-thousands_separator=\",\" data-decimal_separator=\".\" data-number_decimals=\"2\" method=\"post\">\n\t\t\t\t<!-- The following field is for robots only, invisible to humans: -->\n\t\t\t\t<span class=\"give-hidden\" style=\"display: none !important;\">\n\t\t\t\t\t<label for=\"give-form-honeypot-111\"><\/label>\n\t\t\t\t\t<input id=\"give-form-honeypot-111\" type=\"text\" name=\"give-honeypot\"\n\t\t\t\t\t\t   class=\"give-honeypot give-hidden\"\/>\n\t\t\t\t<\/span>\n\n\t\t\t\t\t<input type=\"hidden\" name=\"give-form-id-prefix\" value=\"111-1\"\/>\n\t<input type=\"hidden\" name=\"give-form-id\" value=\"111\"\/>\n\t<input type=\"hidden\" name=\"give-form-title\" value=\"Faites un don &gt;&gt;\"\/>\n\t<input type=\"hidden\" name=\"give-current-url\" value=\"https:\/\/sharefood.be\/en\/wp-json\/wp\/v2\/pages\/3517\/\"\/>\n\t<input type=\"hidden\" name=\"give-form-url\" value=\"https:\/\/sharefood.be\/en\/wp-json\/wp\/v2\/pages\/3517\/\"\/>\n\t\t\t<input type=\"hidden\" name=\"give-form-minimum\"\n\t\t\t   value=\"1.00\"\/>\n\t\t<input type=\"hidden\" name=\"give-form-maximum\"\n\t\t\t   value=\"999999.99\"\/>\n\t\t<input type=\"hidden\"  name=\"give-form-hash\" value=\"7ba7a9569a\" data-time=\"1777118517\" data-nonce-life=\"86400\" data-donor-session=\"0\"\/><input type=\"hidden\" name=\"give-price-id\" value=\"0\"\/>\t\t<div class=\"give-total-wrap\">\n\t\t\t<div class=\"give-donation-amount form-row-wide\">\n\t\t\t\t\t\t\t\t<label class=\"give-hidden\" for=\"give-amount\">Donation Amount:<\/label>\n\t\t\t\t<input class=\"give-text-input give-amount-top\" id=\"give-amount\" name=\"give-amount\" type=\"text\" inputmode=\"decimal\"\n\t\t\t\t\t   placeholder=\"\" value=\"3.00\" autocomplete=\"off\">\n\t\t\t\t<span class=\"give-currency-symbol give-currency-position-after\">&euro;<\/span>\t\t\t<\/div>\n\t\t<\/div>\n\t\t<ul id=\"give-donation-level-button-wrap\" class=\"give-donation-levels-wrap give-list-inline\"><li><button type=\"button\" data-price-id=\"0\" class=\"give-donation-level-btn give-btn give-btn-level-0 give-default-level\" value=\"3.00\" data-default=\"1\">3.00&euro;<\/button><\/li><li><button type=\"button\" data-price-id=\"1\" class=\"give-donation-level-btn give-btn give-btn-level-1 \" value=\"9.00\" data-default=\"0\">9.00&euro;<\/button><\/li><li><button type=\"button\" data-price-id=\"2\" class=\"give-donation-level-btn give-btn give-btn-level-2 \" value=\"19.00\" data-default=\"0\">19.00&euro;<\/button><\/li><li><button type=\"button\" data-price-id=\"custom\" class=\"give-donation-level-btn give-btn give-btn-level-custom\" value=\"custom\">Custom Amount<\/button><\/li><\/ul>\n\t<fieldset id=\"give-payment-mode-select\">\n\t\t\t\t<legend\n\t\t\tclass=\"give-payment-mode-label\">Select Payment Method\t\t\t<span class=\"give-loading-text\"><span\n\t\t\t\t\tclass=\"give-loading-animation\"><\/span>\n\t\t\t<\/span>\n\t\t<\/legend>\n\n\t\t<div id=\"give-payment-mode-wrap\">\n\t\t\t\t\t\t<ul id=\"give-gateway-radio-list\">\n\t\t\t\t\t\t\t\t\t\t<li class=\"give-gateway-option-selected\">\n\t\t\t\t\t\t\t<input type=\"radio\" name=\"payment-mode\" class=\"give-gateway\"\n\t\t\t\t\t\t\t\t   id=\"give-gateway-offline-111-1\"\n\t\t\t\t\t\t\t\t   value=\"offline\" checked='checked'>\n\t\t\t\t\t\t\t<label for=\"give-gateway-offline-111-1\"\n\t\t\t\t\t\t\t\t   class=\"give-gateway-option\"\n\t\t\t\t\t\t\t\t   id=\"give-gateway-option-offline\"> Offline Donation<\/label>\n\t\t\t\t\t\t<\/li>\n\t\t\t\t\t\t\t\t\t\t\t\t<li>\n\t\t\t\t\t\t\t<input type=\"radio\" name=\"payment-mode\" class=\"give-gateway\"\n\t\t\t\t\t\t\t\t   id=\"give-gateway-paypal-111-1\"\n\t\t\t\t\t\t\t\t   value=\"paypal\">\n\t\t\t\t\t\t\t<label for=\"give-gateway-paypal-111-1\"\n\t\t\t\t\t\t\t\t   class=\"give-gateway-option\"\n\t\t\t\t\t\t\t\t   id=\"give-gateway-option-paypal\"> PayPal<\/label>\n\t\t\t\t\t\t<\/li>\n\t\t\t\t\t\t\t\t\t<\/ul>\n\t\t\t\t\t<\/div>\n\t\t\t<\/fieldset>\n\n\t\n\t<div id=\"give_purchase_form_wrap\">\n\n\t\t\t\t<div id=\"give-checkout-login-register-111\">\n\t\t\t\t<fieldset id=\"give-register-fields-111\">\n\n\t\t\t<fieldset id=\"give_checkout_user_info\" class=\"\">\n\t\t<legend>\n\t\t\tPersonal Info\t\t<\/legend>\n\n\t\t\n\t\t<p id=\"give-first-name-wrap\" class=\"form-row form-row-first form-row-responsive\">\n\t\t\t<label class=\"give-label\" for=\"give-first\">\n\t\t\t\tFirst Name\t\t\t\t\t\t\t\t\t<span class=\"give-required-indicator\">*<\/span>\n\t\t\t\t\t\t\t\t<span class=\"give-tooltip hint--top hint--medium hint--bounce\" aria-label=\"First Name is used to personalize your donation record.\" rel=\"tooltip\"><i class=\"give-icon give-icon-question\"><\/i><\/span>\t\t\t<\/label>\n\t\t\t<input\n\t\t\t\tclass=\"give-input required\"\n\t\t\t\ttype=\"text\"\n\t\t\t\tname=\"give_first\"\n\t\t\t\tautocomplete=\"given-name\"\n\t\t\t\tplaceholder=\"First Name\"\n\t\t\t\tid=\"give-first\"\n\t\t\t\tvalue=\"\"\n\t\t\t\t required aria-required=\"true\" \t\t\t\/>\n\t\t<\/p>\n\n\t\t<p id=\"give-last-name-wrap\" class=\"form-row form-row-last form-row-responsive\">\n\t\t\t<label class=\"give-label\" for=\"give-last\">\n\t\t\t\tLast Name\t\t\t\t\t\t\t\t<span class=\"give-tooltip hint--top hint--medium hint--bounce\" aria-label=\"Last Name is used to personalize your donation record.\" rel=\"tooltip\"><i class=\"give-icon give-icon-question\"><\/i><\/span>\t\t\t<\/label>\n\n\t\t\t<input\n\t\t\t\tclass=\"give-input\"\n\t\t\t\ttype=\"text\"\n\t\t\t\tname=\"give_last\"\n\t\t\t\tautocomplete=\"family-name\"\n\t\t\t\tid=\"give-last\"\n\t\t\t\tplaceholder=\"Last Name\"\n\t\t\t\tvalue=\"\"\n\t\t\t\t\t\t\t\/>\n\t\t<\/p>\n\n\t\t\n\t\t\t\t<p id=\"give-email-wrap\" class=\"form-row form-row-wide\">\n\t\t\t<label class=\"give-label\" for=\"give-email\">\n\t\t\t\tEmail Address\t\t\t\t\t\t\t\t\t<span class=\"give-required-indicator\">*<\/span>\n\t\t\t\t\t\t\t\t<span class=\"give-tooltip hint--top hint--medium hint--bounce\" aria-label=\"We will send the donation receipt to this address.\" rel=\"tooltip\"><i class=\"give-icon give-icon-question\"><\/i><\/span>\t\t\t<\/label>\n\t\t\t<input\n\t\t\t\tclass=\"give-input required\"\n\t\t\t\ttype=\"email\"\n\t\t\t\tname=\"give_email\"\n\t\t\t\tautocomplete=\"email\"\n\t\t\t\tplaceholder=\"Email Address\"\n\t\t\t\tid=\"give-email\"\n\t\t\t\tvalue=\"\"\n\t\t\t\t required aria-required=\"true\" \t\t\t\/>\n\n\t\t<\/p>\n\n\t\t\n\t\t\t\t\t<\/fieldset>\n\t\n\t\t<fieldset id=\"give-register-account-fields-111\">\n\t\t\t\n\t\t\t\t\t\t<div id=\"give-create-account-wrap-111\" class=\"form-row form-row-wide form-row-responsive\">\n\t\t\t\t\t\t\t\t<label for=\"give-create-account-111\">\n\t\t\t\t<input type=\"checkbox\" id=\"give-create-account-111\" name=\"give_create_account\" class=\"give-input\" value=\"on\" \/>\n\t\t\t\t\tCreate an account<span class=\"give-tooltip hint--top hint--medium hint--bounce\" aria-label=\"Create an account on the site to see and manage donation history.\" rel=\"tooltip\"><i class=\"give-icon give-icon-question\"><\/i><\/span>\t\t\t\t<\/label>\n\t\t\t\t\t\t\t\t<input type=\"hidden\"  name=\"give-form-user-register-hash\" value=\"c1e91d713b\" data-time=\"1777118517\" data-nonce-life=\"86400\"\/>\t\t\t<\/div>\n\n\t\t\t\n\t\t\t\t\t<\/fieldset>\n\n\t\t\n\t\t<input type=\"hidden\" name=\"give-purchase-var\" value=\"needs-to-register\"\/>\n\n\t\t\n\t<\/fieldset>\n\t\t\t<\/div>\n\t\t\t<fieldset class=\"no-fields\" id=\"give_offline_payment_info\">\n\t\t<p>Pour faire un don hors-ligne, nous vous demandons de bien vouloir suivre les instructions suivantes:<\/p>\n<ol>\n<li>Faire un virement \u00e0 l\u2019ordre de \u00ab\u00a0Share Food asbl\u00a0\u00bb<\/li>\n<li>BE78 6511 5996 1086<\/li>\n<li>Code BIC: KEYTBEBB<\/li>\n<\/ol>\n<p>Toutes les contributions seront prises en compte avec plaisir et sont d\u00e9ductibles d\u2019imp\u00f4ts.<\/p>\n\t<\/fieldset>\n\t\t<fieldset id=\"give_purchase_submit\" class=\"give-donation-submit\">\n\t\t\t<p id=\"give-final-total-wrap\" class=\"form-wrap \">\n\t\t\t\t<span class=\"give-donation-total-label\">\n\t\t\tDonation Total:\t\t<\/span>\n\t\t<span class=\"give-final-total-amount\"\n\t\t\t  data-total=\"3.00\">\n\t\t\t3.00&euro;\t\t<\/span>\n\t\t\t<\/p>\n\t\t<input type=\"hidden\" name=\"give_action\" value=\"purchase\"\/>\n\t<input type=\"hidden\" name=\"give-gateway\" value=\"offline\"\/>\n\t\t<div class=\"give-submit-button-wrap give-clearfix\">\n\t\t<input type=\"submit\" class=\"give-submit give-btn\" id=\"give-purchase-button\" name=\"give-purchase\"\n\t\t\t   value=\"Donate Now\" data-before-validation-label=\"Donate Now\"\/>\n\t\t<span class=\"give-loading-animation\"><\/span>\n\t<\/div>\n\t\t<\/fieldset>\n\t\n\t<\/div>\n\n\t\t\t\t<\/form>\n\n\t\t\t<button type=\"button\" class=\"give-btn give-btn-modal\">Make a donation &gt;&gt;<\/button>\n\t<\/div><!--end #give-form-111-->\n\t[\/vc_column_text][\/vc_column][vc_column width=&#8221;1\/2&#8243; css=&#8221;.vc_custom_1639499088220{padding-top: 40px !important;padding-right: 20px !important;padding-left: 20px !important;}&#8221;][vc_single_image image=&#8221;2569&#8243; img_size=&#8221;full&#8221;][\/vc_column][\/vc_row][vc_row][vc_column][vc_column_text]<\/p>\n<h3><strong>Are you a shop? Contact us<\/strong><\/h3>\n<p><span style=\"font-weight: 400;\">Sharefood is looking for partner shops to donate their unsold food. We offer a partnership contract that discharges your responsibility once the unsold goods have been collected. We also have the <strong>AFSCA statutes and authorisations<\/strong>.\u00a0<\/span><\/p>\n<p>Please reach us by phone <strong>+32 495 55 99 32<\/strong> or e-mail <strong>info@sharefood.be.<\/strong>[\/vc_column_text][\/vc_column][\/vc_row]<\/p>\n","protected":false},"excerpt":{"rendered":"<p>[vc_row][vc_column][vc_column_text] Join our team of great volunteers! [\/vc_column_text][vc_column_text]Why not become a volunteer?\u00a0 A little, a lot, passionately&#8230; Your time will make a difference! Here, everyone invests according to the time they can give. And you will live an intensely human experience..[\/vc_column_text][vc_row_inner gap=&#8221;30&#8243;][vc_column_inner width=&#8221;1\/2&#8243;][\/vc_column_inner][vc_column_inner width=&#8221;1\/2&#8243;][vc_single_image image=&#8221;3484&#8243; img_size=&#8221;full&#8221;][\/vc_column_inner][\/vc_row_inner][\/vc_column][\/vc_row][vc_row full_width=&#8221;stretch_row&#8221; css=&#8221;.vc_custom_1648645154636{background-color: #f7f7f7 !important;}&#8221; el_id=&#8221;don&#8221;][vc_column width=&#8221;1\/2&#8243; css=&#8221;.vc_custom_1512666282209{padding-right: 20px !important;padding-left: [&hellip;]<\/p>\n","protected":false},"author":1,"featured_media":0,"parent":0,"menu_order":0,"comment_status":"closed","ping_status":"closed","template":"","meta":{"_bbp_topic_count":0,"_bbp_reply_count":0,"_bbp_total_topic_count":0,"_bbp_total_reply_count":0,"_bbp_voice_count":0,"_bbp_anonymous_reply_count":0,"_bbp_topic_count_hidden":0,"_bbp_reply_count_hidden":0,"_bbp_forum_subforum_count":0},"yoast_head":"<!-- This site is optimized with the Yoast SEO plugin v21.1 - https:\/\/yoast.com\/wordpress\/plugins\/seo\/ -->\n<title>Help us - Share Food asbl<\/title>\n<meta name=\"robots\" content=\"index, follow, max-snippet:-1, max-image-preview:large, max-video-preview:-1\" \/>\n<link rel=\"canonical\" href=\"https:\/\/sharefood.be\/en\/help-us\/\" \/>\n<meta name=\"twitter:card\" content=\"summary_large_image\" \/>\n<meta name=\"twitter:title\" content=\"Help us - Share Food asbl\" \/>\n<meta name=\"twitter:description\" content=\"[vc_row][vc_column][vc_column_text] Join our team of great volunteers! [\/vc_column_text][vc_column_text]Why not become a volunteer?\u00a0 A little, a lot, passionately&#8230; Your time will make a difference! Here, everyone invests according to the time they can give. And you will live an intensely human experience..[\/vc_column_text][vc_row_inner gap=&#8221;30&#8243;][vc_column_inner width=&#8221;1\/2&#8243;][\/vc_column_inner][vc_column_inner width=&#8221;1\/2&#8243;][vc_single_image image=&#8221;3484&#8243; img_size=&#8221;full&#8221;][\/vc_column_inner][\/vc_row_inner][\/vc_column][\/vc_row][vc_row full_width=&#8221;stretch_row&#8221; css=&#8221;.vc_custom_1648645154636{background-color: #f7f7f7 !important;}&#8221; el_id=&#8221;don&#8221;][vc_column width=&#8221;1\/2&#8243; css=&#8221;.vc_custom_1512666282209{padding-right: 20px !important;padding-left: [&hellip;]\" \/>\n<meta name=\"twitter:label1\" content=\"Est. reading time\" \/>\n\t<meta name=\"twitter:data1\" content=\"1 minute\" \/>\n<script type=\"application\/ld+json\" class=\"yoast-schema-graph\">{\"@context\":\"https:\/\/schema.org\",\"@graph\":[{\"@type\":\"WebPage\",\"@id\":\"https:\/\/sharefood.be\/en\/help-us\/\",\"url\":\"https:\/\/sharefood.be\/en\/help-us\/\",\"name\":\"Help us - Share Food asbl\",\"isPartOf\":{\"@id\":\"https:\/\/sharefood.be\/#website\"},\"datePublished\":\"2017-11-16T15:00:24+00:00\",\"dateModified\":\"2022-05-06T08:25:15+00:00\",\"breadcrumb\":{\"@id\":\"https:\/\/sharefood.be\/en\/help-us\/#breadcrumb\"},\"inLanguage\":\"en-US\",\"potentialAction\":[{\"@type\":\"ReadAction\",\"target\":[\"https:\/\/sharefood.be\/en\/help-us\/\"]}]},{\"@type\":\"BreadcrumbList\",\"@id\":\"https:\/\/sharefood.be\/en\/help-us\/#breadcrumb\",\"itemListElement\":[{\"@type\":\"ListItem\",\"position\":1,\"name\":\"Accueil\",\"item\":\"https:\/\/sharefood.be\/en\/\"},{\"@type\":\"ListItem\",\"position\":2,\"name\":\"Help us\"}]},{\"@type\":\"WebSite\",\"@id\":\"https:\/\/sharefood.be\/#website\",\"url\":\"https:\/\/sharefood.be\/\",\"name\":\"Share Food asbl\",\"description\":\"\",\"publisher\":{\"@id\":\"https:\/\/sharefood.be\/#organization\"},\"potentialAction\":[{\"@type\":\"SearchAction\",\"target\":{\"@type\":\"EntryPoint\",\"urlTemplate\":\"https:\/\/sharefood.be\/?s={search_term_string}\"},\"query-input\":\"required name=search_term_string\"}],\"inLanguage\":\"en-US\"},{\"@type\":\"Organization\",\"@id\":\"https:\/\/sharefood.be\/#organization\",\"name\":\"Share Food ASBL\",\"url\":\"https:\/\/sharefood.be\/\",\"logo\":{\"@type\":\"ImageObject\",\"inLanguage\":\"en-US\",\"@id\":\"https:\/\/sharefood.be\/#\/schema\/logo\/image\/\",\"url\":\"https:\/\/sharefood.be\/wp-content\/uploads\/2018\/01\/logo-sharefood.png\",\"contentUrl\":\"https:\/\/sharefood.be\/wp-content\/uploads\/2018\/01\/logo-sharefood.png\",\"width\":1065,\"height\":1065,\"caption\":\"Share Food ASBL\"},\"image\":{\"@id\":\"https:\/\/sharefood.be\/#\/schema\/logo\/image\/\"},\"sameAs\":[\"https:\/\/www.facebook.com\/sharefoodbrussels\/\"]}]}<\/script>\n<!-- \/ Yoast SEO plugin. -->","yoast_head_json":{"title":"Help us - Share Food asbl","robots":{"index":"index","follow":"follow","max-snippet":"max-snippet:-1","max-image-preview":"max-image-preview:large","max-video-preview":"max-video-preview:-1"},"canonical":"https:\/\/sharefood.be\/en\/help-us\/","twitter_card":"summary_large_image","twitter_title":"Help us - Share Food asbl","twitter_description":"[vc_row][vc_column][vc_column_text] Join our team of great volunteers! [\/vc_column_text][vc_column_text]Why not become a volunteer?\u00a0 A little, a lot, passionately&#8230; Your time will make a difference! Here, everyone invests according to the time they can give. And you will live an intensely human experience..[\/vc_column_text][vc_row_inner gap=&#8221;30&#8243;][vc_column_inner width=&#8221;1\/2&#8243;][\/vc_column_inner][vc_column_inner width=&#8221;1\/2&#8243;][vc_single_image image=&#8221;3484&#8243; img_size=&#8221;full&#8221;][\/vc_column_inner][\/vc_row_inner][\/vc_column][\/vc_row][vc_row full_width=&#8221;stretch_row&#8221; css=&#8221;.vc_custom_1648645154636{background-color: #f7f7f7 !important;}&#8221; el_id=&#8221;don&#8221;][vc_column width=&#8221;1\/2&#8243; css=&#8221;.vc_custom_1512666282209{padding-right: 20px !important;padding-left: [&hellip;]","twitter_misc":{"Est. reading time":"1 minute"},"schema":{"@context":"https:\/\/schema.org","@graph":[{"@type":"WebPage","@id":"https:\/\/sharefood.be\/en\/help-us\/","url":"https:\/\/sharefood.be\/en\/help-us\/","name":"Help us - Share Food asbl","isPartOf":{"@id":"https:\/\/sharefood.be\/#website"},"datePublished":"2017-11-16T15:00:24+00:00","dateModified":"2022-05-06T08:25:15+00:00","breadcrumb":{"@id":"https:\/\/sharefood.be\/en\/help-us\/#breadcrumb"},"inLanguage":"en-US","potentialAction":[{"@type":"ReadAction","target":["https:\/\/sharefood.be\/en\/help-us\/"]}]},{"@type":"BreadcrumbList","@id":"https:\/\/sharefood.be\/en\/help-us\/#breadcrumb","itemListElement":[{"@type":"ListItem","position":1,"name":"Accueil","item":"https:\/\/sharefood.be\/en\/"},{"@type":"ListItem","position":2,"name":"Help us"}]},{"@type":"WebSite","@id":"https:\/\/sharefood.be\/#website","url":"https:\/\/sharefood.be\/","name":"Share Food asbl","description":"","publisher":{"@id":"https:\/\/sharefood.be\/#organization"},"potentialAction":[{"@type":"SearchAction","target":{"@type":"EntryPoint","urlTemplate":"https:\/\/sharefood.be\/?s={search_term_string}"},"query-input":"required name=search_term_string"}],"inLanguage":"en-US"},{"@type":"Organization","@id":"https:\/\/sharefood.be\/#organization","name":"Share Food ASBL","url":"https:\/\/sharefood.be\/","logo":{"@type":"ImageObject","inLanguage":"en-US","@id":"https:\/\/sharefood.be\/#\/schema\/logo\/image\/","url":"https:\/\/sharefood.be\/wp-content\/uploads\/2018\/01\/logo-sharefood.png","contentUrl":"https:\/\/sharefood.be\/wp-content\/uploads\/2018\/01\/logo-sharefood.png","width":1065,"height":1065,"caption":"Share Food ASBL"},"image":{"@id":"https:\/\/sharefood.be\/#\/schema\/logo\/image\/"},"sameAs":["https:\/\/www.facebook.com\/sharefoodbrussels\/"]}]}},"_links":{"self":[{"href":"https:\/\/sharefood.be\/en\/wp-json\/wp\/v2\/pages\/3517"}],"collection":[{"href":"https:\/\/sharefood.be\/en\/wp-json\/wp\/v2\/pages"}],"about":[{"href":"https:\/\/sharefood.be\/en\/wp-json\/wp\/v2\/types\/page"}],"author":[{"embeddable":true,"href":"https:\/\/sharefood.be\/en\/wp-json\/wp\/v2\/users\/1"}],"replies":[{"embeddable":true,"href":"https:\/\/sharefood.be\/en\/wp-json\/wp\/v2\/comments?post=3517"}],"version-history":[{"count":4,"href":"https:\/\/sharefood.be\/en\/wp-json\/wp\/v2\/pages\/3517\/revisions"}],"predecessor-version":[{"id":3598,"href":"https:\/\/sharefood.be\/en\/wp-json\/wp\/v2\/pages\/3517\/revisions\/3598"}],"wp:attachment":[{"href":"https:\/\/sharefood.be\/en\/wp-json\/wp\/v2\/media?parent=3517"}],"curies":[{"name":"wp","href":"https:\/\/api.w.org\/{rel}","templated":true}]}}