{"id":3514,"date":"2017-11-16T15:57:54","date_gmt":"2017-11-16T14:57:54","guid":{"rendered":"https:\/\/sharefood.be\/share-food-frigo\/"},"modified":"2022-05-07T10:34:45","modified_gmt":"2022-05-07T08:34:45","slug":"onze-solidariteitskoelkasten","status":"publish","type":"page","link":"https:\/\/sharefood.be\/nl\/onze-solidariteitskoelkasten\/","title":{"rendered":"Onze Solidariteitskoelkasten"},"content":{"rendered":"<p>[vc_row][vc_column]\r\n\r\n<div class=\"nonprofit_empty_space\" data-heightmobile=\"0\" data-heighttablet=\"5\" data-heightdesktop=\"10\">\r\n\r\n<\/div>\r\n      \r\n\r\n\r\n\r\n        \r\n      \r\n    [\/vc_column][\/vc_row][vc_row full_width=&#8221;stretch_row_content_no_spaces&#8221; equal_height=&#8221;yes&#8221;][vc_column width=&#8221;1\/2&#8243; css=&#8221;.vc_custom_1651841978423{padding-top: 50px !important;padding-right: 150px !important;padding-bottom: 50px !important;padding-left: 150px !important;background-image: url(https:\/\/sharefood.be\/wp-content\/uploads\/2022\/04\/PHOTO-2021-10-07-18-01-22.jpg?id=3473) !important;background-position: center !important;background-repeat: no-repeat !important;background-size: cover !important;}&#8221;][\/vc_column][vc_column width=&#8221;1\/2&#8243; css=&#8221;.vc_custom_1651842584471{padding-top: 50px !important;padding-right: 50px !important;padding-bottom: 50px !important;padding-left: 50px !important;background-color: #fafafa !important;}&#8221;]\r\n\r\n<div class=\"nonprofit_empty_space\" data-heightmobile=\"30\" data-heighttablet=\"40\" data-heightdesktop=\"50\">\r\n\r\n<\/div>\r\n      \r\n\r\n\r\n\r\n        \r\n      \r\n    [vc_row_inner][vc_column_inner width=&#8221;1\/12&#8243;][\/vc_column_inner][vc_column_inner width=&#8221;10\/12&#8243;]\t\t<div class=\"wd-heading   text-left\" >\r\n\t\t\t\r\n\t\t\t\t\r\n\t\t\t\t<h2 style=\"margin:0;font-size:34px;color:#303030;line-height:80px;\" >\r\n\t\t\t\t\tSint-Gillis koelkast\t\t\t\t<\/h2>\r\n\r\n        <div style='margin-top: 20px;'><\/div>\t\t\t\t\r\n      \t\t\t\t<p style=\"font-size:17px;color:#808080;line-height:30px;\" >\r\n\t\t\t\t\tDe distributie van onverkocht voedsel vindt plaats : Dinsdag tot zaterdag van 10.00 tot 12.00 uur. Adres: Arthur Diderich straat, 34 in Saint-Gilles. Iedereen is welkom en het is gratis! Geen bewijs of speciale reden nodig. Onze vrijwilligers verdelen naargelang de behoeften van elke persoon. De beschikbare producten hangen af van de onverkochte goederen die de dag ervoor of op de dag zelf zijn opgehaald.\t\t\t\t<\/p>\r\n      \r\n\t\t\t\t\r\n\t\t\t\t\t<\/div>\r\n\r\n\t\t[\/vc_column_inner][vc_column_inner width=&#8221;1\/12&#8243;][\/vc_column_inner][\/vc_row_inner]\r\n\r\n<div class=\"nonprofit_empty_space\" data-heightmobile=\"30\" data-heighttablet=\"40\" data-heightdesktop=\"50\">\r\n\r\n<\/div>\r\n      \r\n\r\n\r\n\r\n        \r\n      \r\n    [\/vc_column][\/vc_row][vc_row full_width=&#8221;stretch_row_content_no_spaces&#8221; equal_height=&#8221;yes&#8221;][vc_column width=&#8221;1\/2&#8243; css=&#8221;.vc_custom_1651842595949{padding-top: 50px !important;padding-right: 50px !important;padding-bottom: 50px !important;padding-left: 50px !important;background-color: #fafafa !important;background-position: center !important;background-repeat: no-repeat !important;background-size: cover !important;}&#8221;]\r\n\r\n<div class=\"nonprofit_empty_space\" data-heightmobile=\"30\" data-heighttablet=\"40\" data-heightdesktop=\"50\">\r\n\r\n<\/div>\r\n      \r\n\r\n\r\n\r\n        \r\n      \r\n    [vc_row_inner][vc_column_inner width=&#8221;1\/12&#8243;][\/vc_column_inner][vc_column_inner width=&#8221;10\/12&#8243;]\t\t<div class=\"wd-heading   text-left\" >\r\n\t\t\t\r\n\t\t\t\t\r\n\t\t\t\t<h2 style=\"margin:0;font-size:34px;color:#303030;line-height:80px;\" >\r\n\t\t\t\t\tVorst koelkast\t\t\t\t<\/h2>\r\n\r\n        <div style='margin-top: 20px;'><\/div>\t\t\t\t\r\n      \t\t\t\t<p style=\"font-size:17px;color:#808080;line-height:30px;\" >\r\n\t\t\t\t\tDe distributie van onverkocht voedsel vindt plaats : Zaterdag van 10.00 tot 12.00 uur. Adres: Montenegrostraat, 138 in Vorst.\t\t\t\t<\/p>\r\n      \r\n\t\t\t\t\r\n\t\t\t\t\t<\/div>\r\n\r\n\t\t[\/vc_column_inner][vc_column_inner width=&#8221;1\/12&#8243;][\/vc_column_inner][\/vc_row_inner]\r\n\r\n<div class=\"nonprofit_empty_space\" data-heightmobile=\"30\" data-heighttablet=\"40\" data-heightdesktop=\"50\">\r\n\r\n<\/div>\r\n      \r\n\r\n\r\n\r\n        \r\n      \r\n    [\/vc_column][vc_column width=&#8221;1\/2&#8243; css=&#8221;.vc_custom_1651841970187{padding-top: 177px !important;padding-right: 150px !important;padding-bottom: 177px !important;padding-left: 150px !important;background: #fafafa url(https:\/\/sharefood.be\/wp-content\/uploads\/2022\/04\/image5.jpeg?id=3476) !important;background-position: center !important;background-repeat: no-repeat !important;background-size: cover !important;}&#8221;][\/vc_column][\/vc_row][vc_row full_width=&#8221;stretch_row_content_no_spaces&#8221; equal_height=&#8221;yes&#8221;][vc_column width=&#8221;1\/2&#8243; css=&#8221;.vc_custom_1649575574876{padding-top: 177px !important;padding-right: 150px !important;padding-bottom: 177px !important;padding-left: 150px !important;background-image: url(https:\/\/sharefood.be\/wp-content\/uploads\/2022\/04\/PHOTO-2021-10-07-14-59-42.jpg?id=3479) !important;background-position: center !important;background-repeat: no-repeat !important;background-size: cover !important;}&#8221; offset=&#8221;vc_hidden-sm vc_hidden-xs&#8221;][\/vc_column][vc_column width=&#8221;1\/2&#8243; css=&#8221;.vc_custom_1651842629433{padding-top: 50px !important;padding-right: 50px !important;padding-bottom: 50px !important;padding-left: 50px !important;background-color: #fafafa !important;}&#8221;]\r\n\r\n<div class=\"nonprofit_empty_space\" data-heightmobile=\"30\" data-heighttablet=\"40\" data-heightdesktop=\"50\">\r\n\r\n<\/div>\r\n      \r\n\r\n\r\n\r\n        \r\n      \r\n    [vc_row_inner][vc_column_inner width=&#8221;1\/12&#8243;][\/vc_column_inner][vc_column_inner width=&#8221;10\/12&#8243;]\t\t<div class=\"wd-heading   text-left\" >\r\n\t\t\t\r\n\t\t\t\t\r\n\t\t\t\t<h2 style=\"margin:0;font-size:34px;color:#303030;line-height:80px;\" >\r\n\t\t\t\t\tVolgende koelkast?\t\t\t\t<\/h2>\r\n\r\n        <div style='margin-top: 20px;'><\/div>\t\t\t\t\r\n      \t\t\t\t<p style=\"font-size:17px;color:#808080;line-height:30px;\" >\r\n\t\t\t\t\tWe zijn altijd op zoek naar plaatsen om nieuwe koelkasten te openen. Kent u een lege garage of een ongebruikte ruimte? Aarzel niet om contact met ons op te nemen om het te bespreken. De locatie moet op de begane grond zijn met directe toegang tot de straat.\t\t\t\t<\/p>\r\n      \r\n\t\t\t\t\r\n\t\t\t\t\t<\/div>\r\n\r\n\t\t[\/vc_column_inner][vc_column_inner width=&#8221;1\/12&#8243;][\/vc_column_inner][\/vc_row_inner][vc_row_inner][vc_column_inner width=&#8221;1\/12&#8243;][\/vc_column_inner][vc_column_inner width=&#8221;11\/12&#8243; css=&#8221;.vc_custom_1485708008533{padding-top: 15px !important;}&#8221;][vc_btn title=&#8221;Neem contact met ons op&#8221; color=&#8221;green&#8221; link=&#8221;url:https%3A%2F%2Fsharefood.be%2Fnl%2F%23contact&#8221;][\/vc_column_inner][\/vc_row_inner][\/vc_column][\/vc_row]<\/p>\n","protected":false},"excerpt":{"rendered":"<p>[vc_row][vc_column][\/vc_column][\/vc_row][vc_row full_width=&#8221;stretch_row_content_no_spaces&#8221; equal_height=&#8221;yes&#8221;][vc_column width=&#8221;1\/2&#8243; css=&#8221;.vc_custom_1651841978423{padding-top: 50px !important;padding-right: 150px !important;padding-bottom: 50px !important;padding-left: 150px !important;background-image: url(https:\/\/sharefood.be\/wp-content\/uploads\/2022\/04\/PHOTO-2021-10-07-18-01-22.jpg?id=3473) !important;background-position: center !important;background-repeat: no-repeat !important;background-size: cover !important;}&#8221;][\/vc_column][vc_column width=&#8221;1\/2&#8243; css=&#8221;.vc_custom_1651842584471{padding-top: 50px !important;padding-right: 50px !important;padding-bottom: 50px !important;padding-left: 50px !important;background-color: #fafafa !important;}&#8221;][vc_row_inner][vc_column_inner width=&#8221;1\/12&#8243;][\/vc_column_inner][vc_column_inner width=&#8221;10\/12&#8243;][\/vc_column_inner][vc_column_inner width=&#8221;1\/12&#8243;][\/vc_column_inner][\/vc_row_inner][\/vc_column][\/vc_row][vc_row full_width=&#8221;stretch_row_content_no_spaces&#8221; equal_height=&#8221;yes&#8221;][vc_column width=&#8221;1\/2&#8243; css=&#8221;.vc_custom_1651842595949{padding-top: 50px !important;padding-right: 50px !important;padding-bottom: 50px !important;padding-left: 50px !important;background-color: #fafafa !important;background-position: center !important;background-repeat: no-repeat !important;background-size: cover [&hellip;]<\/p>\n","protected":false},"author":1,"featured_media":0,"parent":0,"menu_order":0,"comment_status":"closed","ping_status":"closed","template":"","meta":{"_bbp_topic_count":0,"_bbp_reply_count":0,"_bbp_total_topic_count":0,"_bbp_total_reply_count":0,"_bbp_voice_count":0,"_bbp_anonymous_reply_count":0,"_bbp_topic_count_hidden":0,"_bbp_reply_count_hidden":0,"_bbp_forum_subforum_count":0},"yoast_head":"<!-- This site is optimized with the Yoast SEO plugin v21.1 - https:\/\/yoast.com\/wordpress\/plugins\/seo\/ -->\n<title>Nos frigos - Share Food asbl<\/title>\n<meta name=\"description\" content=\"Share Food asbl : La principale mission de Share Food est de r\u00e9cup\u00e9rer des invendus alimentaires \u00e0 Bruxelles et de les redistribuer \u00e0 des associations actives dans la redistribution alimentaire ou directement \u00e0 des personnes ne b\u00e9n\u00e9ficiant pas d&#039;un acc\u00e8s facile \u00e0 une nourriture de qualit\u00e9. Rejoignez Share Food !\" \/>\n<meta name=\"robots\" content=\"index, follow, max-snippet:-1, max-image-preview:large, max-video-preview:-1\" \/>\n<link rel=\"canonical\" href=\"https:\/\/sharefood.be\/nl\/onze-solidariteitskoelkasten\/\" \/>\n<meta name=\"twitter:card\" content=\"summary_large_image\" \/>\n<meta name=\"twitter:title\" content=\"Nos frigos - Share Food asbl\" \/>\n<meta name=\"twitter:description\" content=\"Share Food asbl : La principale mission de Share Food est de r\u00e9cup\u00e9rer des invendus alimentaires \u00e0 Bruxelles et de les redistribuer \u00e0 des associations actives dans la redistribution alimentaire ou directement \u00e0 des personnes ne b\u00e9n\u00e9ficiant pas d&#039;un acc\u00e8s facile \u00e0 une nourriture de qualit\u00e9. Rejoignez Share Food !\" \/>\n<meta name=\"twitter:label1\" content=\"Geschatte leestijd\" \/>\n\t<meta name=\"twitter:data1\" content=\"3 minuten\" \/>\n<script type=\"application\/ld+json\" class=\"yoast-schema-graph\">{\"@context\":\"https:\/\/schema.org\",\"@graph\":[{\"@type\":\"WebPage\",\"@id\":\"https:\/\/sharefood.be\/nl\/onze-solidariteitskoelkasten\/\",\"url\":\"https:\/\/sharefood.be\/nl\/onze-solidariteitskoelkasten\/\",\"name\":\"Nos frigos - Share Food asbl\",\"isPartOf\":{\"@id\":\"https:\/\/sharefood.be\/#website\"},\"datePublished\":\"2017-11-16T14:57:54+00:00\",\"dateModified\":\"2022-05-07T08:34:45+00:00\",\"description\":\"Share Food asbl : La principale mission de Share Food est de r\u00e9cup\u00e9rer des invendus alimentaires \u00e0 Bruxelles et de les redistribuer \u00e0 des associations actives dans la redistribution alimentaire ou directement \u00e0 des personnes ne b\u00e9n\u00e9ficiant pas d'un acc\u00e8s facile \u00e0 une nourriture de qualit\u00e9. Rejoignez Share Food !\",\"breadcrumb\":{\"@id\":\"https:\/\/sharefood.be\/nl\/onze-solidariteitskoelkasten\/#breadcrumb\"},\"inLanguage\":\"nl\",\"potentialAction\":[{\"@type\":\"ReadAction\",\"target\":[\"https:\/\/sharefood.be\/nl\/onze-solidariteitskoelkasten\/\"]}]},{\"@type\":\"BreadcrumbList\",\"@id\":\"https:\/\/sharefood.be\/nl\/onze-solidariteitskoelkasten\/#breadcrumb\",\"itemListElement\":[{\"@type\":\"ListItem\",\"position\":1,\"name\":\"Accueil\",\"item\":\"https:\/\/sharefood.be\/nl\/\"},{\"@type\":\"ListItem\",\"position\":2,\"name\":\"Onze Solidariteitskoelkasten\"}]},{\"@type\":\"WebSite\",\"@id\":\"https:\/\/sharefood.be\/#website\",\"url\":\"https:\/\/sharefood.be\/\",\"name\":\"Share Food asbl\",\"description\":\"\",\"publisher\":{\"@id\":\"https:\/\/sharefood.be\/#organization\"},\"potentialAction\":[{\"@type\":\"SearchAction\",\"target\":{\"@type\":\"EntryPoint\",\"urlTemplate\":\"https:\/\/sharefood.be\/?s={search_term_string}\"},\"query-input\":\"required name=search_term_string\"}],\"inLanguage\":\"nl\"},{\"@type\":\"Organization\",\"@id\":\"https:\/\/sharefood.be\/#organization\",\"name\":\"Share Food ASBL\",\"url\":\"https:\/\/sharefood.be\/\",\"logo\":{\"@type\":\"ImageObject\",\"inLanguage\":\"nl\",\"@id\":\"https:\/\/sharefood.be\/#\/schema\/logo\/image\/\",\"url\":\"https:\/\/sharefood.be\/wp-content\/uploads\/2018\/01\/logo-sharefood.png\",\"contentUrl\":\"https:\/\/sharefood.be\/wp-content\/uploads\/2018\/01\/logo-sharefood.png\",\"width\":1065,\"height\":1065,\"caption\":\"Share Food ASBL\"},\"image\":{\"@id\":\"https:\/\/sharefood.be\/#\/schema\/logo\/image\/\"},\"sameAs\":[\"https:\/\/www.facebook.com\/sharefoodbrussels\/\"]}]}<\/script>\n<!-- \/ Yoast SEO plugin. -->","yoast_head_json":{"title":"Nos frigos - Share Food asbl","description":"Share Food asbl : La principale mission de Share Food est de r\u00e9cup\u00e9rer des invendus alimentaires \u00e0 Bruxelles et de les redistribuer \u00e0 des associations actives dans la redistribution alimentaire ou directement \u00e0 des personnes ne b\u00e9n\u00e9ficiant pas d'un acc\u00e8s facile \u00e0 une nourriture de qualit\u00e9. Rejoignez Share Food !","robots":{"index":"index","follow":"follow","max-snippet":"max-snippet:-1","max-image-preview":"max-image-preview:large","max-video-preview":"max-video-preview:-1"},"canonical":"https:\/\/sharefood.be\/nl\/onze-solidariteitskoelkasten\/","twitter_card":"summary_large_image","twitter_title":"Nos frigos - Share Food asbl","twitter_description":"Share Food asbl : La principale mission de Share Food est de r\u00e9cup\u00e9rer des invendus alimentaires \u00e0 Bruxelles et de les redistribuer \u00e0 des associations actives dans la redistribution alimentaire ou directement \u00e0 des personnes ne b\u00e9n\u00e9ficiant pas d'un acc\u00e8s facile \u00e0 une nourriture de qualit\u00e9. Rejoignez Share Food !","twitter_misc":{"Geschatte leestijd":"3 minuten"},"schema":{"@context":"https:\/\/schema.org","@graph":[{"@type":"WebPage","@id":"https:\/\/sharefood.be\/nl\/onze-solidariteitskoelkasten\/","url":"https:\/\/sharefood.be\/nl\/onze-solidariteitskoelkasten\/","name":"Nos frigos - Share Food asbl","isPartOf":{"@id":"https:\/\/sharefood.be\/#website"},"datePublished":"2017-11-16T14:57:54+00:00","dateModified":"2022-05-07T08:34:45+00:00","description":"Share Food asbl : La principale mission de Share Food est de r\u00e9cup\u00e9rer des invendus alimentaires \u00e0 Bruxelles et de les redistribuer \u00e0 des associations actives dans la redistribution alimentaire ou directement \u00e0 des personnes ne b\u00e9n\u00e9ficiant pas d'un acc\u00e8s facile \u00e0 une nourriture de qualit\u00e9. Rejoignez Share Food !","breadcrumb":{"@id":"https:\/\/sharefood.be\/nl\/onze-solidariteitskoelkasten\/#breadcrumb"},"inLanguage":"nl","potentialAction":[{"@type":"ReadAction","target":["https:\/\/sharefood.be\/nl\/onze-solidariteitskoelkasten\/"]}]},{"@type":"BreadcrumbList","@id":"https:\/\/sharefood.be\/nl\/onze-solidariteitskoelkasten\/#breadcrumb","itemListElement":[{"@type":"ListItem","position":1,"name":"Accueil","item":"https:\/\/sharefood.be\/nl\/"},{"@type":"ListItem","position":2,"name":"Onze Solidariteitskoelkasten"}]},{"@type":"WebSite","@id":"https:\/\/sharefood.be\/#website","url":"https:\/\/sharefood.be\/","name":"Share Food asbl","description":"","publisher":{"@id":"https:\/\/sharefood.be\/#organization"},"potentialAction":[{"@type":"SearchAction","target":{"@type":"EntryPoint","urlTemplate":"https:\/\/sharefood.be\/?s={search_term_string}"},"query-input":"required name=search_term_string"}],"inLanguage":"nl"},{"@type":"Organization","@id":"https:\/\/sharefood.be\/#organization","name":"Share Food ASBL","url":"https:\/\/sharefood.be\/","logo":{"@type":"ImageObject","inLanguage":"nl","@id":"https:\/\/sharefood.be\/#\/schema\/logo\/image\/","url":"https:\/\/sharefood.be\/wp-content\/uploads\/2018\/01\/logo-sharefood.png","contentUrl":"https:\/\/sharefood.be\/wp-content\/uploads\/2018\/01\/logo-sharefood.png","width":1065,"height":1065,"caption":"Share Food ASBL"},"image":{"@id":"https:\/\/sharefood.be\/#\/schema\/logo\/image\/"},"sameAs":["https:\/\/www.facebook.com\/sharefoodbrussels\/"]}]}},"_links":{"self":[{"href":"https:\/\/sharefood.be\/nl\/wp-json\/wp\/v2\/pages\/3514"}],"collection":[{"href":"https:\/\/sharefood.be\/nl\/wp-json\/wp\/v2\/pages"}],"about":[{"href":"https:\/\/sharefood.be\/nl\/wp-json\/wp\/v2\/types\/page"}],"author":[{"embeddable":true,"href":"https:\/\/sharefood.be\/nl\/wp-json\/wp\/v2\/users\/1"}],"replies":[{"embeddable":true,"href":"https:\/\/sharefood.be\/nl\/wp-json\/wp\/v2\/comments?post=3514"}],"version-history":[{"count":8,"href":"https:\/\/sharefood.be\/nl\/wp-json\/wp\/v2\/pages\/3514\/revisions"}],"predecessor-version":[{"id":3634,"href":"https:\/\/sharefood.be\/nl\/wp-json\/wp\/v2\/pages\/3514\/revisions\/3634"}],"wp:attachment":[{"href":"https:\/\/sharefood.be\/nl\/wp-json\/wp\/v2\/media?parent=3514"}],"curies":[{"name":"wp","href":"https:\/\/api.w.org\/{rel}","templated":true}]}}